{"id":5745,"date":"2023-10-05T12:30:28","date_gmt":"2023-10-05T15:30:28","guid":{"rendered":"https:\/\/jstmaquinas.com.br\/index.php\/produtos-2\/"},"modified":"2025-06-17T14:29:55","modified_gmt":"2025-06-17T17:29:55","slug":"produtos","status":"publish","type":"page","link":"https:\/\/jstmaquinas.com.br\/index.php\/produtos\/","title":{"rendered":"Produtos"},"content":{"rendered":"            <div id=\"product_listing\" class=\"post-5745 page type-page status-publish has-post-thumbnail hentry\">\n\t\t\t<div class=\"ic-catalog-container\"><p id=\"breadcrumbs\"><span><span class=\"breadcrumbs-home\"><a href=\"https:\/\/jstmaquinas.com.br\"><span>In\u00edcio<\/span><\/a><\/span> \u00bb <span class=\"breadcrumbs-product-archive\"><a href=\"https:\/\/jstmaquinas.com.br\/index.php\/produtos\/\"><span>Produtos<\/span><\/a><\/span><\/span><\/p><h2 class=\"catalog-header\">Categorias principais<\/h2>    <div class=\"product-subcategories responsive default  per-row-2\">\n\t\t\n\n    <div class=\"al_archive category-17 modern-grid-element grey-box ic-design \">\n        <a class=\"pseudo-a\" href=\"https:\/\/jstmaquinas.com.br\/index.php\/categoria\/arames-e-cordoalhas\/\"><\/a>\n        <div class=\"pseudo\"><\/div>\n        <a href=\"https:\/\/jstmaquinas.com.br\/index.php\/categoria\/arames-e-cordoalhas\/\"><img width=\"460\" height=\"325\" src=\"https:\/\/jstmaquinas.com.br\/wp-content\/uploads\/2025\/06\/Banner_03.webp\" class=\"modern-grid-image\" alt=\"Arames e Cordoalhas\" decoding=\"async\" loading=\"lazy\" srcset=\"https:\/\/jstmaquinas.com.br\/wp-content\/uploads\/2025\/06\/Banner_03.webp 460w, https:\/\/jstmaquinas.com.br\/wp-content\/uploads\/2025\/06\/Banner_03-300x212.webp 300w, https:\/\/jstmaquinas.com.br\/wp-content\/uploads\/2025\/06\/Banner_03-226x160.webp 226w\" sizes=\"(max-width: 460px) 100vw, 460px\" \/>            <h3 class=\"product-name grey-box ic-design\">Arames e Cordoalhas<\/h3>\n        <\/a>\n    <\/div>\n\n\n\n    <div class=\"al_archive category-18 modern-grid-element grey-box ic-design \">\n        <a class=\"pseudo-a\" href=\"https:\/\/jstmaquinas.com.br\/index.php\/categoria\/bombas-dagua\/\"><\/a>\n        <div class=\"pseudo\"><\/div>\n        <a href=\"https:\/\/jstmaquinas.com.br\/index.php\/categoria\/bombas-dagua\/\"><img width=\"460\" height=\"325\" src=\"https:\/\/jstmaquinas.com.br\/wp-content\/uploads\/2025\/06\/Banner_05.webp\" class=\"modern-grid-image\" alt=\"Bombas d\u2019\u00e1gua\" decoding=\"async\" loading=\"lazy\" srcset=\"https:\/\/jstmaquinas.com.br\/wp-content\/uploads\/2025\/06\/Banner_05.webp 460w, https:\/\/jstmaquinas.com.br\/wp-content\/uploads\/2025\/06\/Banner_05-300x212.webp 300w, https:\/\/jstmaquinas.com.br\/wp-content\/uploads\/2025\/06\/Banner_05-226x160.webp 226w\" sizes=\"(max-width: 460px) 100vw, 460px\" \/>            <h3 class=\"product-name grey-box ic-design\">Bombas d\u2019\u00e1gua<\/h3>\n        <\/a>\n    <\/div>\n\n\n\n    <div class=\"al_archive category-34 modern-grid-element grey-box ic-design \">\n        <a class=\"pseudo-a\" href=\"https:\/\/jstmaquinas.com.br\/index.php\/categoria\/casa-e-jardim\/\"><\/a>\n        <div class=\"pseudo\"><\/div>\n        <a href=\"https:\/\/jstmaquinas.com.br\/index.php\/categoria\/casa-e-jardim\/\"><img width=\"600\" height=\"384\" src=\"https:\/\/jstmaquinas.com.br\/wp-content\/uploads\/2025\/09\/mesa-preta-600x384.png\" class=\"modern-grid-image\" alt=\"Casa e Jardim\" decoding=\"async\" loading=\"lazy\" \/>            <h3 class=\"product-name grey-box ic-design\">Casa e Jardim<\/h3>\n        <\/a>\n    <\/div>\n\n\n\n    <div class=\"al_archive category-41 modern-grid-element grey-box ic-design \">\n        <a class=\"pseudo-a\" href=\"https:\/\/jstmaquinas.com.br\/index.php\/categoria\/compactadores-de-solo\/\"><\/a>\n        <div class=\"pseudo\"><\/div>\n        <a href=\"https:\/\/jstmaquinas.com.br\/index.php\/categoria\/compactadores-de-solo\/\"><img width=\"271\" height=\"367\" src=\"https:\/\/jstmaquinas.com.br\/wp-content\/uploads\/2026\/04\/compactador.png\" class=\"modern-grid-image higher\" alt=\"Compactadores de Solo\" decoding=\"async\" loading=\"lazy\" srcset=\"https:\/\/jstmaquinas.com.br\/wp-content\/uploads\/2026\/04\/compactador.png 271w, https:\/\/jstmaquinas.com.br\/wp-content\/uploads\/2026\/04\/compactador-222x300.png 222w, https:\/\/jstmaquinas.com.br\/wp-content\/uploads\/2026\/04\/compactador-118x160.png 118w\" sizes=\"(max-width: 271px) 100vw, 271px\" \/>            <h3 class=\"product-name grey-box ic-design\">Compactadores de Solo<\/h3>\n        <\/a>\n    <\/div>\n\n\n\n    <div class=\"al_archive category-40 modern-grid-element grey-box ic-design \">\n        <a class=\"pseudo-a\" href=\"https:\/\/jstmaquinas.com.br\/index.php\/categoria\/compressores-portateis\/\"><\/a>\n        <div class=\"pseudo\"><\/div>\n        <a href=\"https:\/\/jstmaquinas.com.br\/index.php\/categoria\/compressores-portateis\/\"><img width=\"600\" height=\"384\" src=\"https:\/\/jstmaquinas.com.br\/wp-content\/uploads\/2025\/12\/40771-5-600x384.jpg\" class=\"modern-grid-image\" alt=\"Compressores Port\u00e1teis\" decoding=\"async\" loading=\"lazy\" \/>            <h3 class=\"product-name grey-box ic-design\">Compressores Port\u00e1teis<\/h3>\n        <\/a>\n    <\/div>\n\n\n\n    <div class=\"al_archive category-33 modern-grid-element grey-box ic-design \">\n        <a class=\"pseudo-a\" href=\"https:\/\/jstmaquinas.com.br\/index.php\/categoria\/ferramentas-pneumaticas\/\"><\/a>\n        <div class=\"pseudo\"><\/div>\n        <a href=\"https:\/\/jstmaquinas.com.br\/index.php\/categoria\/ferramentas-pneumaticas\/\"><img width=\"460\" height=\"325\" src=\"https:\/\/jstmaquinas.com.br\/wp-content\/uploads\/2025\/06\/Pneumatica.png\" class=\"modern-grid-image\" alt=\"Ferramentas Pneum\u00e1ticas\" decoding=\"async\" loading=\"lazy\" srcset=\"https:\/\/jstmaquinas.com.br\/wp-content\/uploads\/2025\/06\/Pneumatica.png 460w, https:\/\/jstmaquinas.com.br\/wp-content\/uploads\/2025\/06\/Pneumatica-300x212.png 300w, https:\/\/jstmaquinas.com.br\/wp-content\/uploads\/2025\/06\/Pneumatica-226x160.png 226w\" sizes=\"(max-width: 460px) 100vw, 460px\" \/>            <h3 class=\"product-name grey-box ic-design\">Ferramentas Pneum\u00e1ticas<\/h3>\n        <\/a>\n    <\/div>\n\n\n\n    <div class=\"al_archive category-23 modern-grid-element grey-box ic-design \">\n        <a class=\"pseudo-a\" href=\"https:\/\/jstmaquinas.com.br\/index.php\/categoria\/movimentacao-de-carga\/\"><\/a>\n        <div class=\"pseudo\"><\/div>\n        <a href=\"https:\/\/jstmaquinas.com.br\/index.php\/categoria\/movimentacao-de-carga\/\"><img width=\"460\" height=\"325\" src=\"https:\/\/jstmaquinas.com.br\/wp-content\/uploads\/2025\/06\/TALHA-MANUAL.webp\" class=\"modern-grid-image\" alt=\"Movimenta\u00e7\u00e3o\" decoding=\"async\" loading=\"lazy\" srcset=\"https:\/\/jstmaquinas.com.br\/wp-content\/uploads\/2025\/06\/TALHA-MANUAL.webp 460w, https:\/\/jstmaquinas.com.br\/wp-content\/uploads\/2025\/06\/TALHA-MANUAL-300x212.webp 300w, https:\/\/jstmaquinas.com.br\/wp-content\/uploads\/2025\/06\/TALHA-MANUAL-226x160.webp 226w\" sizes=\"(max-width: 460px) 100vw, 460px\" \/>            <h3 class=\"product-name grey-box ic-design\">Movimenta\u00e7\u00e3o<\/h3>\n        <\/a>\n    <\/div>\n\n\n\n    <div class=\"al_archive category-29 modern-grid-element grey-box ic-design \">\n        <a class=\"pseudo-a\" href=\"https:\/\/jstmaquinas.com.br\/index.php\/categoria\/plasticos-para-plastificacao\/\"><\/a>\n        <div class=\"pseudo\"><\/div>\n        <a href=\"https:\/\/jstmaquinas.com.br\/index.php\/categoria\/plasticos-para-plastificacao\/\"><img width=\"460\" height=\"325\" src=\"https:\/\/jstmaquinas.com.br\/wp-content\/uploads\/2025\/06\/Plasticos.png\" class=\"modern-grid-image\" alt=\"Pl\u00e1sticos para Plastifica\u00e7\u00e3o\" decoding=\"async\" loading=\"lazy\" srcset=\"https:\/\/jstmaquinas.com.br\/wp-content\/uploads\/2025\/06\/Plasticos.png 460w, https:\/\/jstmaquinas.com.br\/wp-content\/uploads\/2025\/06\/Plasticos-300x212.png 300w, https:\/\/jstmaquinas.com.br\/wp-content\/uploads\/2025\/06\/Plasticos-226x160.png 226w\" sizes=\"(max-width: 460px) 100vw, 460px\" \/>            <h3 class=\"product-name grey-box ic-design\">Pl\u00e1sticos para Plastifica\u00e7\u00e3o<\/h3>\n        <\/a>\n    <\/div>\n\n\n\n    <div class=\"al_archive category-20 modern-grid-element grey-box ic-design \">\n        <a class=\"pseudo-a\" href=\"https:\/\/jstmaquinas.com.br\/index.php\/categoria\/plastificadoras-2\/\"><\/a>\n        <div class=\"pseudo\"><\/div>\n        <a href=\"https:\/\/jstmaquinas.com.br\/index.php\/categoria\/plastificadoras-2\/\"><img width=\"460\" height=\"325\" src=\"https:\/\/jstmaquinas.com.br\/wp-content\/uploads\/2025\/06\/PLASTIFICADORA-A3.png\" class=\"modern-grid-image\" alt=\"Plastificadoras\" decoding=\"async\" loading=\"lazy\" srcset=\"https:\/\/jstmaquinas.com.br\/wp-content\/uploads\/2025\/06\/PLASTIFICADORA-A3.png 460w, https:\/\/jstmaquinas.com.br\/wp-content\/uploads\/2025\/06\/PLASTIFICADORA-A3-300x212.png 300w, https:\/\/jstmaquinas.com.br\/wp-content\/uploads\/2025\/06\/PLASTIFICADORA-A3-226x160.png 226w\" sizes=\"(max-width: 460px) 100vw, 460px\" \/>            <h3 class=\"product-name grey-box ic-design\">Plastificadoras<\/h3>\n        <\/a>\n    <\/div>\n\n\n\n    <div class=\"al_archive category-24 modern-grid-element grey-box ic-design \">\n        <a class=\"pseudo-a\" href=\"https:\/\/jstmaquinas.com.br\/index.php\/categoria\/solda-2\/\"><\/a>\n        <div class=\"pseudo\"><\/div>\n        <a href=\"https:\/\/jstmaquinas.com.br\/index.php\/categoria\/solda-2\/\"><img width=\"460\" height=\"325\" src=\"https:\/\/jstmaquinas.com.br\/wp-content\/uploads\/2025\/06\/Banner_02.webp\" class=\"modern-grid-image\" alt=\"Solda\" decoding=\"async\" loading=\"lazy\" srcset=\"https:\/\/jstmaquinas.com.br\/wp-content\/uploads\/2025\/06\/Banner_02.webp 460w, https:\/\/jstmaquinas.com.br\/wp-content\/uploads\/2025\/06\/Banner_02-300x212.webp 300w, https:\/\/jstmaquinas.com.br\/wp-content\/uploads\/2025\/06\/Banner_02-226x160.webp 226w\" sizes=\"(max-width: 460px) 100vw, 460px\" \/>            <h3 class=\"product-name grey-box ic-design\">Solda<\/h3>\n        <\/a>\n    <\/div>\n\n    <\/div>\n<\/div>            <\/div>\n\t\t\t\n","protected":false},"excerpt":{"rendered":"","protected":false},"author":1,"featured_media":5964,"parent":0,"menu_order":0,"comment_status":"closed","ping_status":"closed","template":"","meta":{"content-type":"","om_disable_all_campaigns":false,"_monsterinsights_skip_tracking":false,"_monsterinsights_sitenote_active":false,"_monsterinsights_sitenote_note":"","_monsterinsights_sitenote_category":0,"footnotes":""},"aioseo_notices":[],"_links":{"self":[{"href":"https:\/\/jstmaquinas.com.br\/index.php\/wp-json\/wp\/v2\/pages\/5745"}],"collection":[{"href":"https:\/\/jstmaquinas.com.br\/index.php\/wp-json\/wp\/v2\/pages"}],"about":[{"href":"https:\/\/jstmaquinas.com.br\/index.php\/wp-json\/wp\/v2\/types\/page"}],"author":[{"embeddable":true,"href":"https:\/\/jstmaquinas.com.br\/index.php\/wp-json\/wp\/v2\/users\/1"}],"replies":[{"embeddable":true,"href":"https:\/\/jstmaquinas.com.br\/index.php\/wp-json\/wp\/v2\/comments?post=5745"}],"version-history":[{"count":1,"href":"https:\/\/jstmaquinas.com.br\/index.php\/wp-json\/wp\/v2\/pages\/5745\/revisions"}],"predecessor-version":[{"id":5815,"href":"https:\/\/jstmaquinas.com.br\/index.php\/wp-json\/wp\/v2\/pages\/5745\/revisions\/5815"}],"wp:featuredmedia":[{"embeddable":true,"href":"https:\/\/jstmaquinas.com.br\/index.php\/wp-json\/wp\/v2\/media\/5964"}],"wp:attachment":[{"href":"https:\/\/jstmaquinas.com.br\/index.php\/wp-json\/wp\/v2\/media?parent=5745"}],"curies":[{"name":"wp","href":"https:\/\/api.w.org\/{rel}","templated":true}]}}